{"id":6769,"date":"2022-06-11T22:10:13","date_gmt":"2022-06-11T20:10:13","guid":{"rendered":"https:\/\/www.seoestudios.es\/kontakt\/"},"modified":"2024-05-31T08:25:47","modified_gmt":"2024-05-31T06:25:47","slug":"kontakt","status":"publish","type":"page","link":"https:\/\/www.seoestudios.es\/de\/kontakt\/","title":{"rendered":"Kontakt"},"content":{"rendered":"\t\t<div data-elementor-type=\"wp-page\" data-elementor-id=\"6769\" class=\"elementor elementor-6769 elementor-801\" data-elementor-post-type=\"page\">\n\t\t\t\t\t\t<main class=\"elementor-section elementor-top-section elementor-element elementor-element-02aef24 elementor-section-boxed elementor-section-height-default elementor-section-height-default\" data-id=\"02aef24\" data-element_type=\"section\" data-e-type=\"section\">\n\t\t\t\t\t\t<div class=\"elementor-container elementor-column-gap-default\">\n\t\t\t\t\t<div class=\"elementor-column elementor-col-50 elementor-top-column elementor-element elementor-element-3d5acfd\" data-id=\"3d5acfd\" data-element_type=\"column\" data-e-type=\"column\">\n\t\t\t<div class=\"elementor-widget-wrap elementor-element-populated\">\n\t\t\t\t\t\t<div class=\"elementor-element elementor-element-e8ff7bd elementor-widget elementor-widget-heading\" data-id=\"e8ff7bd\" data-element_type=\"widget\" data-e-type=\"widget\" data-widget_type=\"heading.default\">\n\t\t\t\t<div class=\"elementor-widget-container\">\n\t\t\t\t\t<h1 class=\"elementor-heading-title elementor-size-default\">Kontaktieren Sie \n<span class=\"colored_text\">uns<\/span><\/h1>\t\t\t\t<\/div>\n\t\t\t\t<\/div>\n\t\t\t\t<div class=\"elementor-element elementor-element-05d1363 elementor-widget__width-initial elementor-widget elementor-widget-text-editor\" data-id=\"05d1363\" data-element_type=\"widget\" data-e-type=\"widget\" data-widget_type=\"text-editor.default\">\n\t\t\t\t<div class=\"elementor-widget-container\">\n\t\t\t\t\t\t\t\t\t<p>F\u00fcllen Sie dieses Kontaktformular mit Ihrer Anfrage und Ihren pers\u00f6nlichen Daten aus.<\/p><p>Wir helfen Ihnen gerne weiter!<\/p>\t\t\t\t\t\t\t\t<\/div>\n\t\t\t\t<\/div>\n\t\t\t\t<div class=\"elementor-element elementor-element-795b7a8 elementor-icon-list--layout-traditional elementor-list-item-link-full_width elementor-widget elementor-widget-icon-list\" data-id=\"795b7a8\" data-element_type=\"widget\" data-e-type=\"widget\" data-widget_type=\"icon-list.default\">\n\t\t\t\t<div class=\"elementor-widget-container\">\n\t\t\t\t\t\t\t<ul class=\"elementor-icon-list-items\">\n\t\t\t\t\t\t\t<li class=\"elementor-icon-list-item\">\n\t\t\t\t\t\t\t\t\t\t\t<a href=\"mailto:info@seoestudios.es\">\n\n\t\t\t\t\t\t\t\t\t\t\t\t<span class=\"elementor-icon-list-icon\">\n\t\t\t\t\t\t\t<svg xmlns=\"http:\/\/www.w3.org\/2000\/svg\" width=\"18.658\" height=\"12.244\" viewBox=\"0 0 18.658 12.244\"><path id=\"Path_170\" data-name=\"Path 170\" d=\"M19.325,5H5.332A2.333,2.333,0,0,0,3,7.332v7.58a2.332,2.332,0,0,0,2.332,2.332H19.325a2.332,2.332,0,0,0,2.332-2.332V7.332A2.333,2.333,0,0,0,19.325,5ZM4.166,8.061l4.081,3.061L4.166,14.183Zm16.325,6.851a1.167,1.167,0,0,1-1.166,1.166H5.332a1.167,1.167,0,0,1-1.166-1.166l4.566-3.425L11.279,13.4a1.748,1.748,0,0,0,2.1,0l2.547-1.911Zm0-.729L16.41,11.122l4.081-3.061Zm-7.464-1.252a1.165,1.165,0,0,1-1.4,0L9.218,11.122l-.486-.364L4.166,7.333h0A1.167,1.167,0,0,1,5.332,6.166H19.325a1.168,1.168,0,0,1,1.166,1.166Z\" transform=\"translate(-3 -5)\" fill=\"#d5468b\" fill-rule=\"evenodd\"><\/path><\/svg>\t\t\t\t\t\t<\/span>\n\t\t\t\t\t\t\t\t\t\t<span class=\"elementor-icon-list-text\">info@seoestudios.es<\/span>\n\t\t\t\t\t\t\t\t\t\t\t<\/a>\n\t\t\t\t\t\t\t\t\t<\/li>\n\t\t\t\t\t\t\t\t<li class=\"elementor-icon-list-item\">\n\t\t\t\t\t\t\t\t\t\t\t<a href=\"tel:+34923510940\">\n\n\t\t\t\t\t\t\t\t\t\t\t\t<span class=\"elementor-icon-list-icon\">\n\t\t\t\t\t\t\t<svg xmlns=\"http:\/\/www.w3.org\/2000\/svg\" width=\"11.008\" height=\"18.658\" viewBox=\"0 0 11.008 18.658\"><path id=\"Path_169\" data-name=\"Path 169\" d=\"M14.314,21.658a1.659,1.659,0,0,0,1.694-1.7V4.7A1.659,1.659,0,0,0,14.314,3H6.694A1.659,1.659,0,0,0,5,4.7V19.961a1.659,1.659,0,0,0,1.694,1.7Zm-3.81-.706a.847.847,0,1,1,.847-.847A.847.847,0,0,1,10.5,20.951ZM8.387,4.034a.186.186,0,0,1,.187-.187h3.859a.188.188,0,0,1,.188.187v.05a.186.186,0,0,1-.187.187H8.574a.188.188,0,0,1-.187-.187ZM5.847,5.117h9.314V18.665H5.847Z\" transform=\"translate(-5 -3)\" fill=\"#d5468b\" fill-rule=\"evenodd\"><\/path><\/svg>\t\t\t\t\t\t<\/span>\n\t\t\t\t\t\t\t\t\t\t<span class=\"elementor-icon-list-text\">(+34)  923 510 940<\/span>\n\t\t\t\t\t\t\t\t\t\t\t<\/a>\n\t\t\t\t\t\t\t\t\t<\/li>\n\t\t\t\t\t\t\t\t<li class=\"elementor-icon-list-item\">\n\t\t\t\t\t\t\t\t\t\t\t<a href=\"https:\/\/www.google.com\/maps?cid=2825766369331811490\" rel=\"nofollow noopener\" target=\"_blank\">\n\n\t\t\t\t\t\t\t\t\t\t\t\t<span class=\"elementor-icon-list-icon\">\n\t\t\t\t\t\t\t<svg xmlns=\"http:\/\/www.w3.org\/2000\/svg\" width=\"18.618\" height=\"18.658\" viewBox=\"0 0 18.618 18.658\"><path id=\"fi-rr-map-marker\" d=\"M9.309,9.329a3.11,3.11,0,1,0-3.1-3.11,3.106,3.106,0,0,0,3.1,3.11Zm0-4.664A1.555,1.555,0,1,1,7.758,6.219,1.553,1.553,0,0,1,9.309,4.664Zm6.718,2.454-.558-.186a6.2,6.2,0,1,0-12.3.135A3.911,3.911,0,0,0,1.193,8.079,3.849,3.849,0,0,0,0,10.884v3.168a3.9,3.9,0,0,0,2.793,3.732l2.226.7a3.856,3.856,0,0,0,1.155.175,3.93,3.93,0,0,0,1.051-.145l4.484-1.329a2.312,2.312,0,0,1,1.22,0l1.852.622a3.1,3.1,0,0,0,3.837-3.019v-4a3.9,3.9,0,0,0-2.591-3.666ZM6.018,2.925a4.638,4.638,0,0,1,6.582,0,4.7,4.7,0,0,1,.009,6.608L9.852,12.218a.768.768,0,0,1-1.078,0L6.018,9.544a4.7,4.7,0,0,1,0-6.62ZM17.067,14.787a1.549,1.549,0,0,1-.593,1.222,1.525,1.525,0,0,1-1.261.307L13.393,15.7a3.889,3.889,0,0,0-2.108-.012L6.8,17.019A2.323,2.323,0,0,1,5.485,17L3.24,16.3a2.342,2.342,0,0,1-1.688-2.245V10.884A2.307,2.307,0,0,1,2.265,9.2,2.344,2.344,0,0,1,3.56,8.575,6.237,6.237,0,0,0,4.929,10.65L7.7,13.335a2.311,2.311,0,0,0,3.238,0L13.7,10.643A6.191,6.191,0,0,0,15.1,8.45l.417.138a2.337,2.337,0,0,1,1.545,2.2Z\" transform=\"translate(0)\" fill=\"#d5468b\"><\/path><\/svg>\t\t\t\t\t\t<\/span>\n\t\t\t\t\t\t\t\t\t\t<span class=\"elementor-icon-list-text\">Calle Espoz y Mina, 30 1. Stockwerk, B\u00fcro 5, 37002 Salamanca (Spanien)<\/span>\n\t\t\t\t\t\t\t\t\t\t\t<\/a>\n\t\t\t\t\t\t\t\t\t<\/li>\n\t\t\t\t\t\t<\/ul>\n\t\t\t\t\t\t<\/div>\n\t\t\t\t<\/div>\n\t\t\t\t\t<\/div>\n\t\t<\/div>\n\t\t\t\t<div class=\"elementor-column elementor-col-50 elementor-top-column elementor-element elementor-element-5deca18\" data-id=\"5deca18\" data-element_type=\"column\" data-e-type=\"column\">\n\t\t\t<div class=\"elementor-widget-wrap elementor-element-populated\">\n\t\t\t\t\t\t<div class=\"elementor-element elementor-element-4ba0ff3 elementor-button-align-end elementor-widget elementor-widget-form\" data-id=\"4ba0ff3\" data-element_type=\"widget\" data-e-type=\"widget\" data-settings=\"{&quot;step_next_label&quot;:&quot;Next&quot;,&quot;step_previous_label&quot;:&quot;Previous&quot;,&quot;button_width&quot;:&quot;100&quot;,&quot;step_type&quot;:&quot;number_text&quot;,&quot;step_icon_shape&quot;:&quot;circle&quot;}\" data-widget_type=\"form.default\">\n\t\t\t\t<div class=\"elementor-widget-container\">\n\t\t\t\t\t\t\t<form class=\"elementor-form\" method=\"post\" name=\"Kontakt\" aria-label=\"Kontakt\">\n\t\t\t<input type=\"hidden\" name=\"post_id\" value=\"6769\"\/>\n\t\t\t<input type=\"hidden\" name=\"form_id\" value=\"4ba0ff3\"\/>\n\t\t\t<input type=\"hidden\" name=\"referer_title\" value=\"\" \/>\n\n\t\t\t\n\t\t\t<div class=\"elementor-form-fields-wrapper elementor-labels-\">\n\t\t\t\t\t\t\t\t<div class=\"elementor-field-type-hidden elementor-field-group elementor-column elementor-field-group-origen elementor-col-100\">\n\t\t\t\t\t\t\t\t\t\t\t\t\t<input size=\"1\" type=\"hidden\" name=\"form_fields[origen]\" id=\"form-field-origen\" class=\"elementor-field elementor-size-md  elementor-field-textual\">\n\t\t\t\t\t\t\t\t\t\t\t<\/div>\n\t\t\t\t\t\t\t\t<div class=\"elementor-field-type-text elementor-field-group elementor-column elementor-field-group-nombre elementor-col-100 elementor-field-required\">\n\t\t\t\t\t\t\t\t\t\t\t\t<label for=\"form-field-nombre\" class=\"elementor-field-label elementor-screen-only\">\n\t\t\t\t\t\t\t\tIhr Name\t\t\t\t\t\t\t<\/label>\n\t\t\t\t\t\t\t\t\t\t\t\t\t\t<input size=\"1\" type=\"text\" name=\"form_fields[nombre]\" id=\"form-field-nombre\" class=\"elementor-field elementor-size-md  elementor-field-textual\" placeholder=\"Ihr Name *\" required=\"required\">\n\t\t\t\t\t\t\t\t\t\t\t<\/div>\n\t\t\t\t\t\t\t\t<div class=\"elementor-field-type-email elementor-field-group elementor-column elementor-field-group-email elementor-col-100 elementor-field-required\">\n\t\t\t\t\t\t\t\t\t\t\t\t<label for=\"form-field-email\" class=\"elementor-field-label elementor-screen-only\">\n\t\t\t\t\t\t\t\tIhre E-Mail\t\t\t\t\t\t\t<\/label>\n\t\t\t\t\t\t\t\t\t\t\t\t\t\t<input size=\"1\" type=\"email\" name=\"form_fields[email]\" id=\"form-field-email\" class=\"elementor-field elementor-size-md  elementor-field-textual\" placeholder=\"Ihre E-Mail *\" required=\"required\">\n\t\t\t\t\t\t\t\t\t\t\t<\/div>\n\t\t\t\t\t\t\t\t<div class=\"elementor-field-type-text elementor-field-group elementor-column elementor-field-group-web elementor-col-100\">\n\t\t\t\t\t\t\t\t\t\t\t\t<label for=\"form-field-web\" class=\"elementor-field-label elementor-screen-only\">\n\t\t\t\t\t\t\t\tIhre Website\t\t\t\t\t\t\t<\/label>\n\t\t\t\t\t\t\t\t\t\t\t\t\t\t<input size=\"1\" type=\"text\" name=\"form_fields[web]\" id=\"form-field-web\" class=\"elementor-field elementor-size-md  elementor-field-textual\" placeholder=\"Ihre Website (z.b. www.seoestudios.es)\">\n\t\t\t\t\t\t\t\t\t\t\t<\/div>\n\t\t\t\t\t\t\t\t<div class=\"elementor-field-type-tel elementor-field-group elementor-column elementor-field-group-telefono elementor-col-100 elementor-field-required\">\n\t\t\t\t\t\t\t\t\t\t\t\t<label for=\"form-field-telefono\" class=\"elementor-field-label elementor-screen-only\">\n\t\t\t\t\t\t\t\tTelefonnummer\t\t\t\t\t\t\t<\/label>\n\t\t\t\t\t\t\t\t<input size=\"1\" type=\"tel\" name=\"form_fields[telefono]\" id=\"form-field-telefono\" class=\"elementor-field elementor-size-md  elementor-field-textual\" placeholder=\"Telefonnummer *\" required=\"required\" pattern=\"[0-9()#&amp;+*-=.]+\" title=\"Nur Nummern oder Telefon-Zeichen (#, -, *, etc) werden akzeptiert.\">\n\n\t\t\t\t\t\t<\/div>\n\t\t\t\t\t\t\t\t<div class=\"elementor-field-type-textarea elementor-field-group elementor-column elementor-field-group-consulta elementor-col-100 elementor-field-required\">\n\t\t\t\t\t\t\t\t\t\t\t\t<label for=\"form-field-consulta\" class=\"elementor-field-label elementor-screen-only\">\n\t\t\t\t\t\t\t\tIhre Anfrage\t\t\t\t\t\t\t<\/label>\n\t\t\t\t\t\t<textarea class=\"elementor-field-textual elementor-field  elementor-size-md\" name=\"form_fields[consulta]\" id=\"form-field-consulta\" rows=\"4\" placeholder=\"Ihre Anfrage *\" required=\"required\"><\/textarea>\t\t\t\t<\/div>\n\t\t\t\t\t\t\t\t<div class=\"elementor-field-type-html elementor-field-group elementor-column elementor-field-group-field_7691a1f elementor-col-100\">\n\t\t\t\t\t<p><strong>Grundlegende Informationen zum Datenschutz<\/strong><\/p>\n<p><strong>Verantwortlicher<\/strong>: El\u00edas Rodr\u00edguez Revilla. <strong>Zweck<\/strong>: Beantwortung Ihrer Anfragen, Zusendung kommerzieller Mitteilungen. <strong>Legitimation<\/strong>: Zustimmung der betroffenen Person. <strong>Empf\u00e4nger<\/strong>: Die Daten werden nicht an Dritte weitergegeben, es sei denn, wir sind gesetzlich dazu verpflichtet. <strong>Rechte<\/strong>: Sie haben das Recht auf Zugang, Berichtigung und L\u00f6schung von Daten sowie weitere Rechte, wie in den zus\u00e4tzlichen Informationen angegeben. Sie k\u00f6nnen diese Rechte aus\u00fcben, indem Sie sich an den f\u00fcr die Datenverarbeitung Verantwortlichen wenden: info@seoestudios.es. <strong>Ursprung<\/strong>: die betroffene Person. <strong>Weitere Informationen<\/strong>: in unserer <a href=\"https:\/\/www.seoestudios.es\/politica-de-privacidad\/\" rel=\"noindex\" target=\"_blank\">Datenschutzrichtlinie<\/a>.<\/p>\t\t\t\t<\/div>\n\t\t\t\t\t\t\t\t<div class=\"elementor-field-type-acceptance elementor-field-group elementor-column elementor-field-group-privacidad elementor-col-100 elementor-field-required\">\n\t\t\t\t\t\t\t\t\t\t\t\t<label for=\"form-field-privacidad\" class=\"elementor-field-label elementor-screen-only\">\n\t\t\t\t\t\t\t\tVerwendung personenbezogener Daten\t\t\t\t\t\t\t<\/label>\n\t\t\t\t\t\t\t\t<div class=\"elementor-field-subgroup\">\n\t\t\t<span class=\"elementor-field-option\">\n\t\t\t\t<input type=\"checkbox\" name=\"form_fields[privacidad]\" id=\"form-field-privacidad\" class=\"elementor-field elementor-size-md  elementor-acceptance-field\" required=\"required\">\n\t\t\t\t<label for=\"form-field-privacidad\">Ich habe gelesen und akzeptiere die Datenschutzbestimmungen.<\/label>\t\t\t<\/span>\n\t\t<\/div>\n\t\t\t\t\t\t<\/div>\n\t\t\t\t\t\t\t\t<div class=\"elementor-field-type-acceptance elementor-field-group elementor-column elementor-field-group-newsletter elementor-col-100\">\n\t\t\t\t\t\t\t\t\t\t\t\t<label for=\"form-field-newsletter\" class=\"elementor-field-label elementor-screen-only\">\n\t\t\t\t\t\t\t\tAbonnement des Newsletters\t\t\t\t\t\t\t<\/label>\n\t\t\t\t\t\t\t\t<div class=\"elementor-field-subgroup\">\n\t\t\t<span class=\"elementor-field-option\">\n\t\t\t\t<input type=\"checkbox\" name=\"form_fields[newsletter]\" id=\"form-field-newsletter\" class=\"elementor-field elementor-size-md  elementor-acceptance-field\">\n\t\t\t\t<label for=\"form-field-newsletter\">Ich akzeptiere den Erhalt von kommerziellen Informationen und Mailings. <\/label>\t\t\t<\/span>\n\t\t<\/div>\n\t\t\t\t\t\t<\/div>\n\t\t\t\t\t\t\t\t<div class=\"elementor-field-type-text\">\n\t\t\t\t\t<input size=\"1\" type=\"text\" name=\"form_fields[antispam]\" id=\"form-field-antispam\" class=\"elementor-field elementor-size-md \" style=\"display:none !important;\">\t\t\t\t<\/div>\n\t\t\t\t\t\t\t\t<div class=\"elementor-field-type-recaptcha_v3 elementor-field-group elementor-column elementor-field-group-captcha elementor-col-100 recaptcha_v3-bottomright\">\n\t\t\t\t\t<div class=\"elementor-field\" id=\"form-field-captcha\"><div class=\"elementor-g-recaptcha\" data-sitekey=\"6LdLSb4UAAAAACUylWo7OhWQ_Y0S93IdyXn7oHn9\" data-type=\"v3\" data-action=\"Form\" data-badge=\"bottomright\" data-size=\"invisible\"><\/div><\/div>\t\t\t\t<\/div>\n\t\t\t\t\t\t\t\t<div class=\"elementor-field-group elementor-column elementor-field-type-submit elementor-col-100 e-form__buttons\">\n\t\t\t\t\t<button class=\"elementor-button elementor-size-sm\" type=\"submit\">\n\t\t\t\t\t\t<span class=\"elementor-button-content-wrapper\">\n\t\t\t\t\t\t\t\t\t\t\t\t\t\t\t<span class=\"elementor-button-icon\">\n\t\t\t\t\t\t\t\t\t<i aria-hidden=\"true\" class=\"fas fa-arrow-right\"><\/i>\t\t\t\t\t\t\t\t\t\t\t\t\t\t\t\t\t<\/span>\n\t\t\t\t\t\t\t\t\t\t\t\t\t\t\t\t\t\t\t\t\t\t<span class=\"elementor-button-text\">Senden<\/span>\n\t\t\t\t\t\t\t\t\t\t\t\t\t<\/span>\n\t\t\t\t\t<\/button>\n\t\t\t\t<\/div>\n\t\t\t<\/div>\n\t\t<\/form>\n\t\t\t\t\t\t<\/div>\n\t\t\t\t<\/div>\n\t\t\t\t\t<\/div>\n\t\t<\/div>\n\t\t\t\t\t<\/div>\n\t\t<\/main>\n\t\t\t\t<aside class=\"elementor-section elementor-top-section elementor-element elementor-element-d55088f elementor-section-full_width elementor-section-height-default elementor-section-height-default\" data-id=\"d55088f\" data-element_type=\"section\" data-e-type=\"section\">\n\t\t\t\t\t\t<div class=\"elementor-container elementor-column-gap-default\">\n\t\t\t\t\t<div class=\"elementor-column elementor-col-100 elementor-top-column elementor-element elementor-element-5c2157f\" data-id=\"5c2157f\" data-element_type=\"column\" data-e-type=\"column\">\n\t\t\t<div class=\"elementor-widget-wrap elementor-element-populated\">\n\t\t\t\t\t\t<div class=\"elementor-element elementor-element-36a2cf1 elementor-widget elementor-widget-google_maps\" data-id=\"36a2cf1\" data-element_type=\"widget\" data-e-type=\"widget\" data-widget_type=\"google_maps.default\">\n\t\t\t\t<div class=\"elementor-widget-container\">\n\t\t\t\t\t\t\t<div class=\"elementor-custom-embed\">\n\t\t\t<iframe loading=\"lazy\"\n\t\t\t\t\tsrc=\"https:\/\/maps.google.com\/maps?q=Seoestudios&#038;t=m&#038;z=10&#038;output=embed&#038;iwloc=near\"\n\t\t\t\t\ttitle=\"Seoestudios\"\n\t\t\t\t\taria-label=\"Seoestudios\"\n\t\t\t><\/iframe>\n\t\t<\/div>\n\t\t\t\t\t\t<\/div>\n\t\t\t\t<\/div>\n\t\t\t\t\t<\/div>\n\t\t<\/div>\n\t\t\t\t\t<\/div>\n\t\t<\/aside>\n\t\t\t\t<\/div>\n\t\t","protected":false},"excerpt":{"rendered":"<p>Wenn Sie auf der Suche nach einer Online-Marketing-Agentur in Spanien sind, z\u00f6gern Sie nicht, uns zu kontaktieren. (+34) 923 004 859<\/p>\n","protected":false},"author":2,"featured_media":0,"parent":0,"menu_order":10,"comment_status":"closed","ping_status":"closed","template":"elementor_header_footer","meta":{"_acf_changed":false,"footnotes":""},"class_list":["post-6769","page","type-page","status-publish","hentry"],"acf":[],"_links":{"self":[{"href":"https:\/\/www.seoestudios.es\/de\/wp-json\/wp\/v2\/pages\/6769","targetHints":{"allow":["GET"]}}],"collection":[{"href":"https:\/\/www.seoestudios.es\/de\/wp-json\/wp\/v2\/pages"}],"about":[{"href":"https:\/\/www.seoestudios.es\/de\/wp-json\/wp\/v2\/types\/page"}],"author":[{"embeddable":true,"href":"https:\/\/www.seoestudios.es\/de\/wp-json\/wp\/v2\/users\/2"}],"replies":[{"embeddable":true,"href":"https:\/\/www.seoestudios.es\/de\/wp-json\/wp\/v2\/comments?post=6769"}],"version-history":[{"count":13,"href":"https:\/\/www.seoestudios.es\/de\/wp-json\/wp\/v2\/pages\/6769\/revisions"}],"predecessor-version":[{"id":7807,"href":"https:\/\/www.seoestudios.es\/de\/wp-json\/wp\/v2\/pages\/6769\/revisions\/7807"}],"wp:attachment":[{"href":"https:\/\/www.seoestudios.es\/de\/wp-json\/wp\/v2\/media?parent=6769"}],"curies":[{"name":"wp","href":"https:\/\/api.w.org\/{rel}","templated":true}]}}